{"id":219,"date":"2019-10-15T20:03:18","date_gmt":"2019-10-15T18:03:18","guid":{"rendered":"http:\/\/bellerive.ms.decms.eu\/hotel-bellerive\/"},"modified":"2020-04-16T13:52:10","modified_gmt":"2020-04-16T11:52:10","slug":"hotel-bellerive","status":"publish","type":"page","link":"https:\/\/www.hotelbellerive.ch\/de\/","title":{"rendered":"Bellerive 3 Sterne Hotel in Lausanne \u2605\u2605\u2605"},"content":{"rendered":"<p>Charmant, ruhig gelegen, bietet dieses Hotel in Lausanne einen warmen und famili\u00e4ren Rahmen, der von Gesch\u00e4ftsleuten und von Ferieng\u00e4sten gleichermassen gesch\u00e4tzt wird.<\/p>\n<p>Die wundersch\u00f6ne Landschaft, die angenehme Stimmung und das grosse kulturelle Angebot machen aus Lausanne und seiner Umgebung ein ideales Aufenthaltsziel, welches, zusammen mit dem Hotel Lausanne Bellerive, den Erwartungen der verw\u00f6hntesten Gesch\u00e4fts- oder Ferien-Besuchern gerecht wird.<\/p>\n","protected":false},"excerpt":{"rendered":"<p>Charmant, ruhig gelegen, bietet dieses Hotel in Lausanne einen warmen und famili\u00e4ren Rahmen, der von Gesch\u00e4ftsleuten und von Ferieng\u00e4sten gleichermassen gesch\u00e4tzt wird. Die wundersch\u00f6ne Landschaft, die angenehme Stimmung und das grosse kulturelle Angebot machen aus Lausanne und seiner Umgebung ein ideales Aufenthaltsziel, welches, zusammen mit dem Hotel Lausanne Bellerive, den Erwartungen der verw\u00f6hntesten Gesch\u00e4fts- oder [&hellip;]<\/p>\n","protected":false},"author":5,"featured_media":59,"parent":0,"menu_order":0,"comment_status":"closed","ping_status":"closed","template":"","meta":{"footnotes":""},"class_list":["post-219","page","type-page","status-publish","has-post-thumbnail","hentry"],"yoast_head":"<!-- This site is optimized with the Yoast SEO plugin v26.9 - https:\/\/yoast.com\/product\/yoast-seo-wordpress\/ -->\n<title>Bellerive 3 Sterne Hotel in Lausanne \u2605\u2605\u2605 - Bellerive Hotel<\/title>\n<meta name=\"robots\" content=\"index, follow, max-snippet:-1, max-image-preview:large, max-video-preview:-1\" \/>\n<link rel=\"canonical\" href=\"https:\/\/www.hotelbellerive.ch\/de\/\" \/>\n<meta property=\"og:locale\" content=\"de_DE\" \/>\n<meta property=\"og:type\" content=\"article\" \/>\n<meta property=\"og:title\" content=\"Bellerive 3 Sterne Hotel in Lausanne \u2605\u2605\u2605 - Bellerive Hotel\" \/>\n<meta property=\"og:description\" content=\"Charmant, ruhig gelegen, bietet dieses Hotel in Lausanne einen warmen und famili\u00e4ren Rahmen, der von Gesch\u00e4ftsleuten und von Ferieng\u00e4sten gleichermassen gesch\u00e4tzt wird. Die wundersch\u00f6ne Landschaft, die angenehme Stimmung und das grosse kulturelle Angebot machen aus Lausanne und seiner Umgebung ein ideales Aufenthaltsziel, welches, zusammen mit dem Hotel Lausanne Bellerive, den Erwartungen der verw\u00f6hntesten Gesch\u00e4fts- oder [&hellip;]\" \/>\n<meta property=\"og:url\" content=\"https:\/\/www.hotelbellerive.ch\/de\/\" \/>\n<meta property=\"og:site_name\" content=\"Bellerive Hotel\" \/>\n<meta property=\"article:modified_time\" content=\"2020-04-16T11:52:10+00:00\" \/>\n<meta property=\"og:image\" content=\"https:\/\/www.hotelbellerive.ch\/wp-content\/uploads\/sites\/92\/2019\/12\/919306061_gal.jpg\" \/>\n\t<meta property=\"og:image:width\" content=\"1000\" \/>\n\t<meta property=\"og:image:height\" content=\"556\" \/>\n\t<meta property=\"og:image:type\" content=\"image\/jpeg\" \/>\n<meta name=\"twitter:card\" content=\"summary_large_image\" \/>\n<script type=\"application\/ld+json\" class=\"yoast-schema-graph\">{\"@context\":\"https:\/\/schema.org\",\"@graph\":[{\"@type\":\"WebPage\",\"@id\":\"https:\/\/www.hotelbellerive.ch\/de\/\",\"url\":\"https:\/\/www.hotelbellerive.ch\/de\/\",\"name\":\"Bellerive 3 Sterne Hotel in Lausanne \u2605\u2605\u2605 - Bellerive Hotel\",\"isPartOf\":{\"@id\":\"https:\/\/www.hotelbellerive.ch\/de\/#website\"},\"primaryImageOfPage\":{\"@id\":\"https:\/\/www.hotelbellerive.ch\/de\/#primaryimage\"},\"image\":{\"@id\":\"https:\/\/www.hotelbellerive.ch\/de\/#primaryimage\"},\"thumbnailUrl\":\"https:\/\/www.hotelbellerive.ch\/wp-content\/uploads\/sites\/92\/2019\/12\/919306061_gal.jpg\",\"datePublished\":\"2019-10-15T18:03:18+00:00\",\"dateModified\":\"2020-04-16T11:52:10+00:00\",\"breadcrumb\":{\"@id\":\"https:\/\/www.hotelbellerive.ch\/de\/#breadcrumb\"},\"inLanguage\":\"de-DE\",\"potentialAction\":[{\"@type\":\"ReadAction\",\"target\":[\"https:\/\/www.hotelbellerive.ch\/de\/\"]}]},{\"@type\":\"ImageObject\",\"inLanguage\":\"de-DE\",\"@id\":\"https:\/\/www.hotelbellerive.ch\/de\/#primaryimage\",\"url\":\"https:\/\/www.hotelbellerive.ch\/wp-content\/uploads\/sites\/92\/2019\/12\/919306061_gal.jpg\",\"contentUrl\":\"https:\/\/www.hotelbellerive.ch\/wp-content\/uploads\/sites\/92\/2019\/12\/919306061_gal.jpg\",\"width\":1000,\"height\":556},{\"@type\":\"BreadcrumbList\",\"@id\":\"https:\/\/www.hotelbellerive.ch\/de\/#breadcrumb\",\"itemListElement\":[{\"@type\":\"ListItem\",\"position\":1,\"name\":\"Accueil\",\"item\":\"https:\/\/www.hotelbellerive.ch\/de\/\"},{\"@type\":\"ListItem\",\"position\":2,\"name\":\"Bellerive 3 Sterne Hotel in Lausanne \u2605\u2605\u2605\"}]},{\"@type\":\"WebSite\",\"@id\":\"https:\/\/www.hotelbellerive.ch\/de\/#website\",\"url\":\"https:\/\/www.hotelbellerive.ch\/de\/\",\"name\":\"Bellerive Hotel\",\"description\":\"Un site utilisant ms.decms.eu\",\"potentialAction\":[{\"@type\":\"SearchAction\",\"target\":{\"@type\":\"EntryPoint\",\"urlTemplate\":\"https:\/\/www.hotelbellerive.ch\/de\/?s={search_term_string}\"},\"query-input\":{\"@type\":\"PropertyValueSpecification\",\"valueRequired\":true,\"valueName\":\"search_term_string\"}}],\"inLanguage\":\"de-DE\"}]}<\/script>\n<!-- \/ Yoast SEO plugin. -->","yoast_head_json":{"title":"Bellerive 3 Sterne Hotel in Lausanne \u2605\u2605\u2605 - Bellerive Hotel","robots":{"index":"index","follow":"follow","max-snippet":"max-snippet:-1","max-image-preview":"max-image-preview:large","max-video-preview":"max-video-preview:-1"},"canonical":"https:\/\/www.hotelbellerive.ch\/de\/","og_locale":"de_DE","og_type":"article","og_title":"Bellerive 3 Sterne Hotel in Lausanne \u2605\u2605\u2605 - Bellerive Hotel","og_description":"Charmant, ruhig gelegen, bietet dieses Hotel in Lausanne einen warmen und famili\u00e4ren Rahmen, der von Gesch\u00e4ftsleuten und von Ferieng\u00e4sten gleichermassen gesch\u00e4tzt wird. Die wundersch\u00f6ne Landschaft, die angenehme Stimmung und das grosse kulturelle Angebot machen aus Lausanne und seiner Umgebung ein ideales Aufenthaltsziel, welches, zusammen mit dem Hotel Lausanne Bellerive, den Erwartungen der verw\u00f6hntesten Gesch\u00e4fts- oder [&hellip;]","og_url":"https:\/\/www.hotelbellerive.ch\/de\/","og_site_name":"Bellerive Hotel","article_modified_time":"2020-04-16T11:52:10+00:00","og_image":[{"width":1000,"height":556,"url":"https:\/\/www.hotelbellerive.ch\/wp-content\/uploads\/sites\/92\/2019\/12\/919306061_gal.jpg","type":"image\/jpeg"}],"twitter_card":"summary_large_image","schema":{"@context":"https:\/\/schema.org","@graph":[{"@type":"WebPage","@id":"https:\/\/www.hotelbellerive.ch\/de\/","url":"https:\/\/www.hotelbellerive.ch\/de\/","name":"Bellerive 3 Sterne Hotel in Lausanne \u2605\u2605\u2605 - Bellerive Hotel","isPartOf":{"@id":"https:\/\/www.hotelbellerive.ch\/de\/#website"},"primaryImageOfPage":{"@id":"https:\/\/www.hotelbellerive.ch\/de\/#primaryimage"},"image":{"@id":"https:\/\/www.hotelbellerive.ch\/de\/#primaryimage"},"thumbnailUrl":"https:\/\/www.hotelbellerive.ch\/wp-content\/uploads\/sites\/92\/2019\/12\/919306061_gal.jpg","datePublished":"2019-10-15T18:03:18+00:00","dateModified":"2020-04-16T11:52:10+00:00","breadcrumb":{"@id":"https:\/\/www.hotelbellerive.ch\/de\/#breadcrumb"},"inLanguage":"de-DE","potentialAction":[{"@type":"ReadAction","target":["https:\/\/www.hotelbellerive.ch\/de\/"]}]},{"@type":"ImageObject","inLanguage":"de-DE","@id":"https:\/\/www.hotelbellerive.ch\/de\/#primaryimage","url":"https:\/\/www.hotelbellerive.ch\/wp-content\/uploads\/sites\/92\/2019\/12\/919306061_gal.jpg","contentUrl":"https:\/\/www.hotelbellerive.ch\/wp-content\/uploads\/sites\/92\/2019\/12\/919306061_gal.jpg","width":1000,"height":556},{"@type":"BreadcrumbList","@id":"https:\/\/www.hotelbellerive.ch\/de\/#breadcrumb","itemListElement":[{"@type":"ListItem","position":1,"name":"Accueil","item":"https:\/\/www.hotelbellerive.ch\/de\/"},{"@type":"ListItem","position":2,"name":"Bellerive 3 Sterne Hotel in Lausanne \u2605\u2605\u2605"}]},{"@type":"WebSite","@id":"https:\/\/www.hotelbellerive.ch\/de\/#website","url":"https:\/\/www.hotelbellerive.ch\/de\/","name":"Bellerive Hotel","description":"Un site utilisant ms.decms.eu","potentialAction":[{"@type":"SearchAction","target":{"@type":"EntryPoint","urlTemplate":"https:\/\/www.hotelbellerive.ch\/de\/?s={search_term_string}"},"query-input":{"@type":"PropertyValueSpecification","valueRequired":true,"valueName":"search_term_string"}}],"inLanguage":"de-DE"}]}},"acf":[],"_links":{"self":[{"href":"https:\/\/www.hotelbellerive.ch\/de\/wp-json\/wp\/v2\/pages\/219","targetHints":{"allow":["GET"]}}],"collection":[{"href":"https:\/\/www.hotelbellerive.ch\/de\/wp-json\/wp\/v2\/pages"}],"about":[{"href":"https:\/\/www.hotelbellerive.ch\/de\/wp-json\/wp\/v2\/types\/page"}],"author":[{"embeddable":true,"href":"https:\/\/www.hotelbellerive.ch\/de\/wp-json\/wp\/v2\/users\/5"}],"replies":[{"embeddable":true,"href":"https:\/\/www.hotelbellerive.ch\/de\/wp-json\/wp\/v2\/comments?post=219"}],"version-history":[{"count":0,"href":"https:\/\/www.hotelbellerive.ch\/de\/wp-json\/wp\/v2\/pages\/219\/revisions"}],"wp:featuredmedia":[{"embeddable":true,"href":"https:\/\/www.hotelbellerive.ch\/de\/wp-json\/wp\/v2\/media\/59"}],"wp:attachment":[{"href":"https:\/\/www.hotelbellerive.ch\/de\/wp-json\/wp\/v2\/media?parent=219"}],"curies":[{"name":"wp","href":"https:\/\/api.w.org\/{rel}","templated":true}]}}