{"id":235,"date":"2019-10-21T11:54:30","date_gmt":"2019-10-21T09:54:30","guid":{"rendered":"http:\/\/bellerive.ms.decms.eu\/chambres-lausanne\/"},"modified":"2020-04-16T14:37:30","modified_gmt":"2020-04-16T12:37:30","slug":"unsere-raeume","status":"publish","type":"page","link":"https:\/\/www.hotelbellerive.ch\/de\/unsere-raeume\/","title":{"rendered":"Unsere R\u00e4ume"},"content":{"rendered":"<p style=\"text-align: center;\"><strong>Das Hotel Bellerive bietet 38 Zimmer in Lausanne<\/strong><\/p>\n<p>Alle Zimmer im Hotel Bellerive sind gro\u00dfz\u00fcgig bemessen und mit sch\u00f6nen Badezimmern ausgestattet. Einige haben sogar sehr gro\u00dfe Badezimmer, andere haben separate Toiletten.<\/p>\n","protected":false},"excerpt":{"rendered":"<p>Das Hotel Bellerive bietet 38 Zimmer in Lausanne Alle Zimmer im Hotel Bellerive sind gro\u00dfz\u00fcgig bemessen und mit sch\u00f6nen Badezimmern ausgestattet. Einige haben sogar sehr gro\u00dfe Badezimmer, andere haben separate Toiletten.<\/p>\n","protected":false},"author":5,"featured_media":68,"parent":0,"menu_order":0,"comment_status":"closed","ping_status":"closed","template":"template-rooms.php","meta":{"footnotes":""},"class_list":["post-235","page","type-page","status-publish","has-post-thumbnail","hentry"],"yoast_head":"<!-- This site is optimized with the Yoast SEO plugin v26.9 - https:\/\/yoast.com\/product\/yoast-seo-wordpress\/ -->\n<title>Unsere R\u00e4ume - Bellerive Hotel<\/title>\n<meta name=\"robots\" content=\"index, follow, max-snippet:-1, max-image-preview:large, max-video-preview:-1\" \/>\n<link rel=\"canonical\" href=\"https:\/\/www.hotelbellerive.ch\/de\/unsere-raeume\/\" \/>\n<meta property=\"og:locale\" content=\"de_DE\" \/>\n<meta property=\"og:type\" content=\"article\" \/>\n<meta property=\"og:title\" content=\"Unsere R\u00e4ume - Bellerive Hotel\" \/>\n<meta property=\"og:description\" content=\"Das Hotel Bellerive bietet 38 Zimmer in Lausanne Alle Zimmer im Hotel Bellerive sind gro\u00dfz\u00fcgig bemessen und mit sch\u00f6nen Badezimmern ausgestattet. Einige haben sogar sehr gro\u00dfe Badezimmer, andere haben separate Toiletten.\" \/>\n<meta property=\"og:url\" content=\"https:\/\/www.hotelbellerive.ch\/de\/unsere-raeume\/\" \/>\n<meta property=\"og:site_name\" content=\"Bellerive Hotel\" \/>\n<meta property=\"article:modified_time\" content=\"2020-04-16T12:37:30+00:00\" \/>\n<meta property=\"og:image\" content=\"https:\/\/www.hotelbellerive.ch\/wp-content\/uploads\/sites\/92\/2019\/12\/Appia-405-III_gal.jpg\" \/>\n\t<meta property=\"og:image:width\" content=\"1247\" \/>\n\t<meta property=\"og:image:height\" content=\"680\" \/>\n\t<meta property=\"og:image:type\" content=\"image\/jpeg\" \/>\n<meta name=\"twitter:card\" content=\"summary_large_image\" \/>\n<script type=\"application\/ld+json\" class=\"yoast-schema-graph\">{\"@context\":\"https:\/\/schema.org\",\"@graph\":[{\"@type\":\"WebPage\",\"@id\":\"https:\/\/www.hotelbellerive.ch\/de\/unsere-raeume\/\",\"url\":\"https:\/\/www.hotelbellerive.ch\/de\/unsere-raeume\/\",\"name\":\"Unsere R\u00e4ume - Bellerive Hotel\",\"isPartOf\":{\"@id\":\"https:\/\/www.hotelbellerive.ch\/de\/#website\"},\"primaryImageOfPage\":{\"@id\":\"https:\/\/www.hotelbellerive.ch\/de\/unsere-raeume\/#primaryimage\"},\"image\":{\"@id\":\"https:\/\/www.hotelbellerive.ch\/de\/unsere-raeume\/#primaryimage\"},\"thumbnailUrl\":\"https:\/\/www.hotelbellerive.ch\/wp-content\/uploads\/sites\/92\/2019\/12\/Appia-405-III_gal.jpg\",\"datePublished\":\"2019-10-21T09:54:30+00:00\",\"dateModified\":\"2020-04-16T12:37:30+00:00\",\"breadcrumb\":{\"@id\":\"https:\/\/www.hotelbellerive.ch\/de\/unsere-raeume\/#breadcrumb\"},\"inLanguage\":\"de-DE\",\"potentialAction\":[{\"@type\":\"ReadAction\",\"target\":[\"https:\/\/www.hotelbellerive.ch\/de\/unsere-raeume\/\"]}]},{\"@type\":\"ImageObject\",\"inLanguage\":\"de-DE\",\"@id\":\"https:\/\/www.hotelbellerive.ch\/de\/unsere-raeume\/#primaryimage\",\"url\":\"https:\/\/www.hotelbellerive.ch\/wp-content\/uploads\/sites\/92\/2019\/12\/Appia-405-III_gal.jpg\",\"contentUrl\":\"https:\/\/www.hotelbellerive.ch\/wp-content\/uploads\/sites\/92\/2019\/12\/Appia-405-III_gal.jpg\",\"width\":1247,\"height\":680},{\"@type\":\"BreadcrumbList\",\"@id\":\"https:\/\/www.hotelbellerive.ch\/de\/unsere-raeume\/#breadcrumb\",\"itemListElement\":[{\"@type\":\"ListItem\",\"position\":1,\"name\":\"Accueil\",\"item\":\"https:\/\/www.hotelbellerive.ch\/de\/\"},{\"@type\":\"ListItem\",\"position\":2,\"name\":\"Unsere R\u00e4ume\"}]},{\"@type\":\"WebSite\",\"@id\":\"https:\/\/www.hotelbellerive.ch\/de\/#website\",\"url\":\"https:\/\/www.hotelbellerive.ch\/de\/\",\"name\":\"Bellerive Hotel\",\"description\":\"Un site utilisant ms.decms.eu\",\"potentialAction\":[{\"@type\":\"SearchAction\",\"target\":{\"@type\":\"EntryPoint\",\"urlTemplate\":\"https:\/\/www.hotelbellerive.ch\/de\/?s={search_term_string}\"},\"query-input\":{\"@type\":\"PropertyValueSpecification\",\"valueRequired\":true,\"valueName\":\"search_term_string\"}}],\"inLanguage\":\"de-DE\"}]}<\/script>\n<!-- \/ Yoast SEO plugin. -->","yoast_head_json":{"title":"Unsere R\u00e4ume - Bellerive Hotel","robots":{"index":"index","follow":"follow","max-snippet":"max-snippet:-1","max-image-preview":"max-image-preview:large","max-video-preview":"max-video-preview:-1"},"canonical":"https:\/\/www.hotelbellerive.ch\/de\/unsere-raeume\/","og_locale":"de_DE","og_type":"article","og_title":"Unsere R\u00e4ume - Bellerive Hotel","og_description":"Das Hotel Bellerive bietet 38 Zimmer in Lausanne Alle Zimmer im Hotel Bellerive sind gro\u00dfz\u00fcgig bemessen und mit sch\u00f6nen Badezimmern ausgestattet. Einige haben sogar sehr gro\u00dfe Badezimmer, andere haben separate Toiletten.","og_url":"https:\/\/www.hotelbellerive.ch\/de\/unsere-raeume\/","og_site_name":"Bellerive Hotel","article_modified_time":"2020-04-16T12:37:30+00:00","og_image":[{"width":1247,"height":680,"url":"https:\/\/www.hotelbellerive.ch\/wp-content\/uploads\/sites\/92\/2019\/12\/Appia-405-III_gal.jpg","type":"image\/jpeg"}],"twitter_card":"summary_large_image","schema":{"@context":"https:\/\/schema.org","@graph":[{"@type":"WebPage","@id":"https:\/\/www.hotelbellerive.ch\/de\/unsere-raeume\/","url":"https:\/\/www.hotelbellerive.ch\/de\/unsere-raeume\/","name":"Unsere R\u00e4ume - Bellerive Hotel","isPartOf":{"@id":"https:\/\/www.hotelbellerive.ch\/de\/#website"},"primaryImageOfPage":{"@id":"https:\/\/www.hotelbellerive.ch\/de\/unsere-raeume\/#primaryimage"},"image":{"@id":"https:\/\/www.hotelbellerive.ch\/de\/unsere-raeume\/#primaryimage"},"thumbnailUrl":"https:\/\/www.hotelbellerive.ch\/wp-content\/uploads\/sites\/92\/2019\/12\/Appia-405-III_gal.jpg","datePublished":"2019-10-21T09:54:30+00:00","dateModified":"2020-04-16T12:37:30+00:00","breadcrumb":{"@id":"https:\/\/www.hotelbellerive.ch\/de\/unsere-raeume\/#breadcrumb"},"inLanguage":"de-DE","potentialAction":[{"@type":"ReadAction","target":["https:\/\/www.hotelbellerive.ch\/de\/unsere-raeume\/"]}]},{"@type":"ImageObject","inLanguage":"de-DE","@id":"https:\/\/www.hotelbellerive.ch\/de\/unsere-raeume\/#primaryimage","url":"https:\/\/www.hotelbellerive.ch\/wp-content\/uploads\/sites\/92\/2019\/12\/Appia-405-III_gal.jpg","contentUrl":"https:\/\/www.hotelbellerive.ch\/wp-content\/uploads\/sites\/92\/2019\/12\/Appia-405-III_gal.jpg","width":1247,"height":680},{"@type":"BreadcrumbList","@id":"https:\/\/www.hotelbellerive.ch\/de\/unsere-raeume\/#breadcrumb","itemListElement":[{"@type":"ListItem","position":1,"name":"Accueil","item":"https:\/\/www.hotelbellerive.ch\/de\/"},{"@type":"ListItem","position":2,"name":"Unsere R\u00e4ume"}]},{"@type":"WebSite","@id":"https:\/\/www.hotelbellerive.ch\/de\/#website","url":"https:\/\/www.hotelbellerive.ch\/de\/","name":"Bellerive Hotel","description":"Un site utilisant ms.decms.eu","potentialAction":[{"@type":"SearchAction","target":{"@type":"EntryPoint","urlTemplate":"https:\/\/www.hotelbellerive.ch\/de\/?s={search_term_string}"},"query-input":{"@type":"PropertyValueSpecification","valueRequired":true,"valueName":"search_term_string"}}],"inLanguage":"de-DE"}]}},"acf":[],"_links":{"self":[{"href":"https:\/\/www.hotelbellerive.ch\/de\/wp-json\/wp\/v2\/pages\/235","targetHints":{"allow":["GET"]}}],"collection":[{"href":"https:\/\/www.hotelbellerive.ch\/de\/wp-json\/wp\/v2\/pages"}],"about":[{"href":"https:\/\/www.hotelbellerive.ch\/de\/wp-json\/wp\/v2\/types\/page"}],"author":[{"embeddable":true,"href":"https:\/\/www.hotelbellerive.ch\/de\/wp-json\/wp\/v2\/users\/5"}],"replies":[{"embeddable":true,"href":"https:\/\/www.hotelbellerive.ch\/de\/wp-json\/wp\/v2\/comments?post=235"}],"version-history":[{"count":0,"href":"https:\/\/www.hotelbellerive.ch\/de\/wp-json\/wp\/v2\/pages\/235\/revisions"}],"wp:featuredmedia":[{"embeddable":true,"href":"https:\/\/www.hotelbellerive.ch\/de\/wp-json\/wp\/v2\/media\/68"}],"wp:attachment":[{"href":"https:\/\/www.hotelbellerive.ch\/de\/wp-json\/wp\/v2\/media?parent=235"}],"curies":[{"name":"wp","href":"https:\/\/api.w.org\/{rel}","templated":true}]}}