{"id":246,"date":"2019-10-21T11:59:36","date_gmt":"2019-10-21T09:59:36","guid":{"rendered":"http:\/\/bellerive.ms.decms.eu\/unsere-raeume\/chambre-familiale\/"},"modified":"2020-04-16T14:46:00","modified_gmt":"2020-04-16T12:46:00","slug":"familienzimmer","status":"publish","type":"page","link":"https:\/\/www.hotelbellerive.ch\/de\/unsere-raeume\/familienzimmer\/","title":{"rendered":"Familienzimmer"},"content":{"rendered":"<p>Die oberen R\u00e4ume sind gro\u00dfz\u00fcgig bemessen. Zus\u00e4tzlich zu den zwei Sitzen verf\u00fcgen einige von ihnen \u00fcber ein gro\u00dfes Sofa, das als Zusatzbett f\u00fcr ein oder zwei Erwachsene genutzt werden kann. Ideal f\u00fcr Familien. Sie alle sind dem See und den Alpen zugewandt.<\/p>\n","protected":false},"excerpt":{"rendered":"<p>Die oberen R\u00e4ume sind gro\u00dfz\u00fcgig bemessen. Zus\u00e4tzlich zu den zwei Sitzen verf\u00fcgen einige von ihnen \u00fcber ein gro\u00dfes Sofa, das als Zusatzbett f\u00fcr ein oder zwei Erwachsene genutzt werden kann. Ideal f\u00fcr Familien. Sie alle sind dem See und den Alpen zugewandt.<\/p>\n","protected":false},"author":5,"featured_media":89,"parent":235,"menu_order":0,"comment_status":"closed","ping_status":"closed","template":"template-single-room.php","meta":{"footnotes":""},"class_list":["post-246","page","type-page","status-publish","has-post-thumbnail","hentry"],"yoast_head":"<!-- This site is optimized with the Yoast SEO plugin v26.9 - https:\/\/yoast.com\/product\/yoast-seo-wordpress\/ -->\n<title>Familienzimmer - Bellerive Hotel<\/title>\n<meta name=\"robots\" content=\"index, follow, max-snippet:-1, max-image-preview:large, max-video-preview:-1\" \/>\n<link rel=\"canonical\" href=\"https:\/\/www.hotelbellerive.ch\/de\/unsere-raeume\/familienzimmer\/\" \/>\n<meta property=\"og:locale\" content=\"de_DE\" \/>\n<meta property=\"og:type\" content=\"article\" \/>\n<meta property=\"og:title\" content=\"Familienzimmer - Bellerive Hotel\" \/>\n<meta property=\"og:description\" content=\"Die oberen R\u00e4ume sind gro\u00dfz\u00fcgig bemessen. Zus\u00e4tzlich zu den zwei Sitzen verf\u00fcgen einige von ihnen \u00fcber ein gro\u00dfes Sofa, das als Zusatzbett f\u00fcr ein oder zwei Erwachsene genutzt werden kann. Ideal f\u00fcr Familien. Sie alle sind dem See und den Alpen zugewandt.\" \/>\n<meta property=\"og:url\" content=\"https:\/\/www.hotelbellerive.ch\/de\/unsere-raeume\/familienzimmer\/\" \/>\n<meta property=\"og:site_name\" content=\"Bellerive Hotel\" \/>\n<meta property=\"article:modified_time\" content=\"2020-04-16T12:46:00+00:00\" \/>\n<meta property=\"og:image\" content=\"https:\/\/www.hotelbellerive.ch\/wp-content\/uploads\/sites\/92\/2019\/12\/919341451_gal.jpg\" \/>\n\t<meta property=\"og:image:width\" content=\"1024\" \/>\n\t<meta property=\"og:image:height\" content=\"681\" \/>\n\t<meta property=\"og:image:type\" content=\"image\/jpeg\" \/>\n<meta name=\"twitter:card\" content=\"summary_large_image\" \/>\n<script type=\"application\/ld+json\" class=\"yoast-schema-graph\">{\"@context\":\"https:\/\/schema.org\",\"@graph\":[{\"@type\":\"WebPage\",\"@id\":\"https:\/\/www.hotelbellerive.ch\/de\/unsere-raeume\/familienzimmer\/\",\"url\":\"https:\/\/www.hotelbellerive.ch\/de\/unsere-raeume\/familienzimmer\/\",\"name\":\"Familienzimmer - Bellerive Hotel\",\"isPartOf\":{\"@id\":\"https:\/\/www.hotelbellerive.ch\/de\/#website\"},\"primaryImageOfPage\":{\"@id\":\"https:\/\/www.hotelbellerive.ch\/de\/unsere-raeume\/familienzimmer\/#primaryimage\"},\"image\":{\"@id\":\"https:\/\/www.hotelbellerive.ch\/de\/unsere-raeume\/familienzimmer\/#primaryimage\"},\"thumbnailUrl\":\"https:\/\/www.hotelbellerive.ch\/wp-content\/uploads\/sites\/92\/2019\/12\/919341451_gal.jpg\",\"datePublished\":\"2019-10-21T09:59:36+00:00\",\"dateModified\":\"2020-04-16T12:46:00+00:00\",\"breadcrumb\":{\"@id\":\"https:\/\/www.hotelbellerive.ch\/de\/unsere-raeume\/familienzimmer\/#breadcrumb\"},\"inLanguage\":\"de-DE\",\"potentialAction\":[{\"@type\":\"ReadAction\",\"target\":[\"https:\/\/www.hotelbellerive.ch\/de\/unsere-raeume\/familienzimmer\/\"]}]},{\"@type\":\"ImageObject\",\"inLanguage\":\"de-DE\",\"@id\":\"https:\/\/www.hotelbellerive.ch\/de\/unsere-raeume\/familienzimmer\/#primaryimage\",\"url\":\"https:\/\/www.hotelbellerive.ch\/wp-content\/uploads\/sites\/92\/2019\/12\/919341451_gal.jpg\",\"contentUrl\":\"https:\/\/www.hotelbellerive.ch\/wp-content\/uploads\/sites\/92\/2019\/12\/919341451_gal.jpg\",\"width\":1024,\"height\":681},{\"@type\":\"BreadcrumbList\",\"@id\":\"https:\/\/www.hotelbellerive.ch\/de\/unsere-raeume\/familienzimmer\/#breadcrumb\",\"itemListElement\":[{\"@type\":\"ListItem\",\"position\":1,\"name\":\"Accueil\",\"item\":\"https:\/\/www.hotelbellerive.ch\/de\/\"},{\"@type\":\"ListItem\",\"position\":2,\"name\":\"Unsere R\u00e4ume\",\"item\":\"https:\/\/www.hotelbellerive.ch\/de\/unsere-raeume\/\"},{\"@type\":\"ListItem\",\"position\":3,\"name\":\"Familienzimmer\"}]},{\"@type\":\"WebSite\",\"@id\":\"https:\/\/www.hotelbellerive.ch\/de\/#website\",\"url\":\"https:\/\/www.hotelbellerive.ch\/de\/\",\"name\":\"Bellerive Hotel\",\"description\":\"Un site utilisant ms.decms.eu\",\"potentialAction\":[{\"@type\":\"SearchAction\",\"target\":{\"@type\":\"EntryPoint\",\"urlTemplate\":\"https:\/\/www.hotelbellerive.ch\/de\/?s={search_term_string}\"},\"query-input\":{\"@type\":\"PropertyValueSpecification\",\"valueRequired\":true,\"valueName\":\"search_term_string\"}}],\"inLanguage\":\"de-DE\"}]}<\/script>\n<!-- \/ Yoast SEO plugin. -->","yoast_head_json":{"title":"Familienzimmer - Bellerive Hotel","robots":{"index":"index","follow":"follow","max-snippet":"max-snippet:-1","max-image-preview":"max-image-preview:large","max-video-preview":"max-video-preview:-1"},"canonical":"https:\/\/www.hotelbellerive.ch\/de\/unsere-raeume\/familienzimmer\/","og_locale":"de_DE","og_type":"article","og_title":"Familienzimmer - Bellerive Hotel","og_description":"Die oberen R\u00e4ume sind gro\u00dfz\u00fcgig bemessen. Zus\u00e4tzlich zu den zwei Sitzen verf\u00fcgen einige von ihnen \u00fcber ein gro\u00dfes Sofa, das als Zusatzbett f\u00fcr ein oder zwei Erwachsene genutzt werden kann. Ideal f\u00fcr Familien. Sie alle sind dem See und den Alpen zugewandt.","og_url":"https:\/\/www.hotelbellerive.ch\/de\/unsere-raeume\/familienzimmer\/","og_site_name":"Bellerive Hotel","article_modified_time":"2020-04-16T12:46:00+00:00","og_image":[{"width":1024,"height":681,"url":"https:\/\/www.hotelbellerive.ch\/wp-content\/uploads\/sites\/92\/2019\/12\/919341451_gal.jpg","type":"image\/jpeg"}],"twitter_card":"summary_large_image","schema":{"@context":"https:\/\/schema.org","@graph":[{"@type":"WebPage","@id":"https:\/\/www.hotelbellerive.ch\/de\/unsere-raeume\/familienzimmer\/","url":"https:\/\/www.hotelbellerive.ch\/de\/unsere-raeume\/familienzimmer\/","name":"Familienzimmer - Bellerive Hotel","isPartOf":{"@id":"https:\/\/www.hotelbellerive.ch\/de\/#website"},"primaryImageOfPage":{"@id":"https:\/\/www.hotelbellerive.ch\/de\/unsere-raeume\/familienzimmer\/#primaryimage"},"image":{"@id":"https:\/\/www.hotelbellerive.ch\/de\/unsere-raeume\/familienzimmer\/#primaryimage"},"thumbnailUrl":"https:\/\/www.hotelbellerive.ch\/wp-content\/uploads\/sites\/92\/2019\/12\/919341451_gal.jpg","datePublished":"2019-10-21T09:59:36+00:00","dateModified":"2020-04-16T12:46:00+00:00","breadcrumb":{"@id":"https:\/\/www.hotelbellerive.ch\/de\/unsere-raeume\/familienzimmer\/#breadcrumb"},"inLanguage":"de-DE","potentialAction":[{"@type":"ReadAction","target":["https:\/\/www.hotelbellerive.ch\/de\/unsere-raeume\/familienzimmer\/"]}]},{"@type":"ImageObject","inLanguage":"de-DE","@id":"https:\/\/www.hotelbellerive.ch\/de\/unsere-raeume\/familienzimmer\/#primaryimage","url":"https:\/\/www.hotelbellerive.ch\/wp-content\/uploads\/sites\/92\/2019\/12\/919341451_gal.jpg","contentUrl":"https:\/\/www.hotelbellerive.ch\/wp-content\/uploads\/sites\/92\/2019\/12\/919341451_gal.jpg","width":1024,"height":681},{"@type":"BreadcrumbList","@id":"https:\/\/www.hotelbellerive.ch\/de\/unsere-raeume\/familienzimmer\/#breadcrumb","itemListElement":[{"@type":"ListItem","position":1,"name":"Accueil","item":"https:\/\/www.hotelbellerive.ch\/de\/"},{"@type":"ListItem","position":2,"name":"Unsere R\u00e4ume","item":"https:\/\/www.hotelbellerive.ch\/de\/unsere-raeume\/"},{"@type":"ListItem","position":3,"name":"Familienzimmer"}]},{"@type":"WebSite","@id":"https:\/\/www.hotelbellerive.ch\/de\/#website","url":"https:\/\/www.hotelbellerive.ch\/de\/","name":"Bellerive Hotel","description":"Un site utilisant ms.decms.eu","potentialAction":[{"@type":"SearchAction","target":{"@type":"EntryPoint","urlTemplate":"https:\/\/www.hotelbellerive.ch\/de\/?s={search_term_string}"},"query-input":{"@type":"PropertyValueSpecification","valueRequired":true,"valueName":"search_term_string"}}],"inLanguage":"de-DE"}]}},"acf":[],"_links":{"self":[{"href":"https:\/\/www.hotelbellerive.ch\/de\/wp-json\/wp\/v2\/pages\/246","targetHints":{"allow":["GET"]}}],"collection":[{"href":"https:\/\/www.hotelbellerive.ch\/de\/wp-json\/wp\/v2\/pages"}],"about":[{"href":"https:\/\/www.hotelbellerive.ch\/de\/wp-json\/wp\/v2\/types\/page"}],"author":[{"embeddable":true,"href":"https:\/\/www.hotelbellerive.ch\/de\/wp-json\/wp\/v2\/users\/5"}],"replies":[{"embeddable":true,"href":"https:\/\/www.hotelbellerive.ch\/de\/wp-json\/wp\/v2\/comments?post=246"}],"version-history":[{"count":0,"href":"https:\/\/www.hotelbellerive.ch\/de\/wp-json\/wp\/v2\/pages\/246\/revisions"}],"up":[{"embeddable":true,"href":"https:\/\/www.hotelbellerive.ch\/de\/wp-json\/wp\/v2\/pages\/235"}],"wp:featuredmedia":[{"embeddable":true,"href":"https:\/\/www.hotelbellerive.ch\/de\/wp-json\/wp\/v2\/media\/89"}],"wp:attachment":[{"href":"https:\/\/www.hotelbellerive.ch\/de\/wp-json\/wp\/v2\/media?parent=246"}],"curies":[{"name":"wp","href":"https:\/\/api.w.org\/{rel}","templated":true}]}}