{"id":254,"date":"2019-10-21T12:00:02","date_gmt":"2019-10-21T10:00:02","guid":{"rendered":"http:\/\/bellerive.ms.decms.eu\/unsere-raeume\/studio\/"},"modified":"2020-04-16T14:53:59","modified_gmt":"2020-04-16T12:53:59","slug":"studios","status":"publish","type":"page","link":"https:\/\/www.hotelbellerive.ch\/de\/unsere-raeume\/studios\/","title":{"rendered":"Studios"},"content":{"rendered":"<p>M\u00f6blierte Studios zur wochenweisen Vermietung<\/p>\n<p>mit Hotelservice<br \/>\nUnser Hotel verf\u00fcgt \u00fcber m\u00f6blierte Studios zur Vermietung. Mindestdauer 2 Wochen.<br \/>\nJedes Studio besteht aus einem Wohnzimmer mit einer kleinen Sitzecke, einem Schreibtisch und einem Bett f\u00fcr eine oder zwei Personen.<\/p>\n<p>Eine Einbauk\u00fcche und ein Badezimmer mit Dusche vervollst\u00e4ndigen die Einrichtung.<\/p>\n<p>Die Studios sind auch mit einem Fernseher sowie einem kostenlosen Wifi-Anschluss ausgestattet.<\/p>\n<p>Die G\u00e4ste unserer Studios genie\u00dfen einen w\u00f6chentlichen (oder auf Anfrage auch t\u00e4glichen) Hotelservice, kostenlose Parkpl\u00e4tze und k\u00f6nnen unser angenehmes &#8218;Relax Center&#8216; (Fitness-Ecke, Sauna, Hammam und Ruhebereich) nutzen. Freie Benutzung der \u00f6ffentlichen Verkehrsmittel in und um Lausanne.<\/p>\n<p>F\u00fcr weitere Informationen und Reservierungsanfragen stehen wir Ihnen gerne zur Verf\u00fcgung.<br \/>\n+41 21 614 90 00<br \/>\n<a href=\"mailto:info@hotelbellerive.ch\">info@hotelbellerive.ch<\/a><\/p>\n","protected":false},"excerpt":{"rendered":"<p>M\u00f6blierte Studios zur wochenweisen Vermietung mit Hotelservice Unser Hotel verf\u00fcgt \u00fcber m\u00f6blierte Studios zur Vermietung. Mindestdauer 2 Wochen. Jedes Studio besteht aus einem Wohnzimmer mit einer kleinen Sitzecke, einem Schreibtisch und einem Bett f\u00fcr eine oder zwei Personen. Eine Einbauk\u00fcche und ein Badezimmer mit Dusche vervollst\u00e4ndigen die Einrichtung. Die Studios sind auch mit einem Fernseher [&hellip;]<\/p>\n","protected":false},"author":5,"featured_media":0,"parent":235,"menu_order":0,"comment_status":"closed","ping_status":"closed","template":"template-single-room.php","meta":{"footnotes":""},"class_list":["post-254","page","type-page","status-publish","hentry"],"yoast_head":"<!-- This site is optimized with the Yoast SEO plugin v26.9 - https:\/\/yoast.com\/product\/yoast-seo-wordpress\/ -->\n<title>Studios - Bellerive Hotel<\/title>\n<meta name=\"robots\" content=\"index, follow, max-snippet:-1, max-image-preview:large, max-video-preview:-1\" \/>\n<link rel=\"canonical\" href=\"https:\/\/www.hotelbellerive.ch\/de\/unsere-raeume\/studios\/\" \/>\n<meta property=\"og:locale\" content=\"de_DE\" \/>\n<meta property=\"og:type\" content=\"article\" \/>\n<meta property=\"og:title\" content=\"Studios - Bellerive Hotel\" \/>\n<meta property=\"og:description\" content=\"M\u00f6blierte Studios zur wochenweisen Vermietung mit Hotelservice Unser Hotel verf\u00fcgt \u00fcber m\u00f6blierte Studios zur Vermietung. Mindestdauer 2 Wochen. Jedes Studio besteht aus einem Wohnzimmer mit einer kleinen Sitzecke, einem Schreibtisch und einem Bett f\u00fcr eine oder zwei Personen. Eine Einbauk\u00fcche und ein Badezimmer mit Dusche vervollst\u00e4ndigen die Einrichtung. Die Studios sind auch mit einem Fernseher [&hellip;]\" \/>\n<meta property=\"og:url\" content=\"https:\/\/www.hotelbellerive.ch\/de\/unsere-raeume\/studios\/\" \/>\n<meta property=\"og:site_name\" content=\"Bellerive Hotel\" \/>\n<meta property=\"article:modified_time\" content=\"2020-04-16T12:53:59+00:00\" \/>\n<meta name=\"twitter:card\" content=\"summary_large_image\" \/>\n<meta name=\"twitter:label1\" content=\"Gesch\u00e4tzte Lesezeit\" \/>\n\t<meta name=\"twitter:data1\" content=\"1 Minute\" \/>\n<script type=\"application\/ld+json\" class=\"yoast-schema-graph\">{\"@context\":\"https:\/\/schema.org\",\"@graph\":[{\"@type\":\"WebPage\",\"@id\":\"https:\/\/www.hotelbellerive.ch\/de\/unsere-raeume\/studios\/\",\"url\":\"https:\/\/www.hotelbellerive.ch\/de\/unsere-raeume\/studios\/\",\"name\":\"Studios - Bellerive Hotel\",\"isPartOf\":{\"@id\":\"https:\/\/www.hotelbellerive.ch\/de\/#website\"},\"datePublished\":\"2019-10-21T10:00:02+00:00\",\"dateModified\":\"2020-04-16T12:53:59+00:00\",\"breadcrumb\":{\"@id\":\"https:\/\/www.hotelbellerive.ch\/de\/unsere-raeume\/studios\/#breadcrumb\"},\"inLanguage\":\"de-DE\",\"potentialAction\":[{\"@type\":\"ReadAction\",\"target\":[\"https:\/\/www.hotelbellerive.ch\/de\/unsere-raeume\/studios\/\"]}]},{\"@type\":\"BreadcrumbList\",\"@id\":\"https:\/\/www.hotelbellerive.ch\/de\/unsere-raeume\/studios\/#breadcrumb\",\"itemListElement\":[{\"@type\":\"ListItem\",\"position\":1,\"name\":\"Accueil\",\"item\":\"https:\/\/www.hotelbellerive.ch\/de\/\"},{\"@type\":\"ListItem\",\"position\":2,\"name\":\"Unsere R\u00e4ume\",\"item\":\"https:\/\/www.hotelbellerive.ch\/de\/unsere-raeume\/\"},{\"@type\":\"ListItem\",\"position\":3,\"name\":\"Studios\"}]},{\"@type\":\"WebSite\",\"@id\":\"https:\/\/www.hotelbellerive.ch\/de\/#website\",\"url\":\"https:\/\/www.hotelbellerive.ch\/de\/\",\"name\":\"Bellerive Hotel\",\"description\":\"Un site utilisant ms.decms.eu\",\"potentialAction\":[{\"@type\":\"SearchAction\",\"target\":{\"@type\":\"EntryPoint\",\"urlTemplate\":\"https:\/\/www.hotelbellerive.ch\/de\/?s={search_term_string}\"},\"query-input\":{\"@type\":\"PropertyValueSpecification\",\"valueRequired\":true,\"valueName\":\"search_term_string\"}}],\"inLanguage\":\"de-DE\"}]}<\/script>\n<!-- \/ Yoast SEO plugin. -->","yoast_head_json":{"title":"Studios - Bellerive Hotel","robots":{"index":"index","follow":"follow","max-snippet":"max-snippet:-1","max-image-preview":"max-image-preview:large","max-video-preview":"max-video-preview:-1"},"canonical":"https:\/\/www.hotelbellerive.ch\/de\/unsere-raeume\/studios\/","og_locale":"de_DE","og_type":"article","og_title":"Studios - Bellerive Hotel","og_description":"M\u00f6blierte Studios zur wochenweisen Vermietung mit Hotelservice Unser Hotel verf\u00fcgt \u00fcber m\u00f6blierte Studios zur Vermietung. Mindestdauer 2 Wochen. Jedes Studio besteht aus einem Wohnzimmer mit einer kleinen Sitzecke, einem Schreibtisch und einem Bett f\u00fcr eine oder zwei Personen. Eine Einbauk\u00fcche und ein Badezimmer mit Dusche vervollst\u00e4ndigen die Einrichtung. Die Studios sind auch mit einem Fernseher [&hellip;]","og_url":"https:\/\/www.hotelbellerive.ch\/de\/unsere-raeume\/studios\/","og_site_name":"Bellerive Hotel","article_modified_time":"2020-04-16T12:53:59+00:00","twitter_card":"summary_large_image","twitter_misc":{"Gesch\u00e4tzte Lesezeit":"1 Minute"},"schema":{"@context":"https:\/\/schema.org","@graph":[{"@type":"WebPage","@id":"https:\/\/www.hotelbellerive.ch\/de\/unsere-raeume\/studios\/","url":"https:\/\/www.hotelbellerive.ch\/de\/unsere-raeume\/studios\/","name":"Studios - Bellerive Hotel","isPartOf":{"@id":"https:\/\/www.hotelbellerive.ch\/de\/#website"},"datePublished":"2019-10-21T10:00:02+00:00","dateModified":"2020-04-16T12:53:59+00:00","breadcrumb":{"@id":"https:\/\/www.hotelbellerive.ch\/de\/unsere-raeume\/studios\/#breadcrumb"},"inLanguage":"de-DE","potentialAction":[{"@type":"ReadAction","target":["https:\/\/www.hotelbellerive.ch\/de\/unsere-raeume\/studios\/"]}]},{"@type":"BreadcrumbList","@id":"https:\/\/www.hotelbellerive.ch\/de\/unsere-raeume\/studios\/#breadcrumb","itemListElement":[{"@type":"ListItem","position":1,"name":"Accueil","item":"https:\/\/www.hotelbellerive.ch\/de\/"},{"@type":"ListItem","position":2,"name":"Unsere R\u00e4ume","item":"https:\/\/www.hotelbellerive.ch\/de\/unsere-raeume\/"},{"@type":"ListItem","position":3,"name":"Studios"}]},{"@type":"WebSite","@id":"https:\/\/www.hotelbellerive.ch\/de\/#website","url":"https:\/\/www.hotelbellerive.ch\/de\/","name":"Bellerive Hotel","description":"Un site utilisant ms.decms.eu","potentialAction":[{"@type":"SearchAction","target":{"@type":"EntryPoint","urlTemplate":"https:\/\/www.hotelbellerive.ch\/de\/?s={search_term_string}"},"query-input":{"@type":"PropertyValueSpecification","valueRequired":true,"valueName":"search_term_string"}}],"inLanguage":"de-DE"}]}},"acf":[],"_links":{"self":[{"href":"https:\/\/www.hotelbellerive.ch\/de\/wp-json\/wp\/v2\/pages\/254","targetHints":{"allow":["GET"]}}],"collection":[{"href":"https:\/\/www.hotelbellerive.ch\/de\/wp-json\/wp\/v2\/pages"}],"about":[{"href":"https:\/\/www.hotelbellerive.ch\/de\/wp-json\/wp\/v2\/types\/page"}],"author":[{"embeddable":true,"href":"https:\/\/www.hotelbellerive.ch\/de\/wp-json\/wp\/v2\/users\/5"}],"replies":[{"embeddable":true,"href":"https:\/\/www.hotelbellerive.ch\/de\/wp-json\/wp\/v2\/comments?post=254"}],"version-history":[{"count":0,"href":"https:\/\/www.hotelbellerive.ch\/de\/wp-json\/wp\/v2\/pages\/254\/revisions"}],"up":[{"embeddable":true,"href":"https:\/\/www.hotelbellerive.ch\/de\/wp-json\/wp\/v2\/pages\/235"}],"wp:attachment":[{"href":"https:\/\/www.hotelbellerive.ch\/de\/wp-json\/wp\/v2\/media?parent=254"}],"curies":[{"name":"wp","href":"https:\/\/api.w.org\/{rel}","templated":true}]}}