{"id":260,"date":"2019-10-21T12:13:10","date_gmt":"2019-10-21T10:13:10","guid":{"rendered":"http:\/\/bellerive.ms.decms.eu\/dienstleistungen\/mobilite-douce\/"},"modified":"2020-04-16T15:03:49","modified_gmt":"2020-04-16T13:03:49","slug":"sanfte-mobilitaet","status":"publish","type":"page","link":"https:\/\/www.hotelbellerive.ch\/de\/dienstleistungen\/sanfte-mobilitaet\/","title":{"rendered":"Sanfte Mobilit\u00e4t"},"content":{"rendered":"<p>Unser Hotel stellt Ihnen 4 Stadtr\u00e4der kostenlos f\u00fcr Ihre Fahrten oder Ausfl\u00fcge zur Verf\u00fcgung.<\/p>\n","protected":false},"excerpt":{"rendered":"<p>Unser Hotel stellt Ihnen 4 Stadtr\u00e4der kostenlos f\u00fcr Ihre Fahrten oder Ausfl\u00fcge zur Verf\u00fcgung.<\/p>\n","protected":false},"author":5,"featured_media":122,"parent":258,"menu_order":0,"comment_status":"closed","ping_status":"closed","template":"","meta":{"footnotes":""},"class_list":["post-260","page","type-page","status-publish","has-post-thumbnail","hentry"],"yoast_head":"<!-- This site is optimized with the Yoast SEO plugin v26.9 - https:\/\/yoast.com\/product\/yoast-seo-wordpress\/ -->\n<title>Sanfte Mobilit\u00e4t - Bellerive Hotel<\/title>\n<meta name=\"robots\" content=\"index, follow, max-snippet:-1, max-image-preview:large, max-video-preview:-1\" \/>\n<link rel=\"canonical\" href=\"https:\/\/www.hotelbellerive.ch\/de\/dienstleistungen\/sanfte-mobilitaet\/\" \/>\n<meta property=\"og:locale\" content=\"de_DE\" \/>\n<meta property=\"og:type\" content=\"article\" \/>\n<meta property=\"og:title\" content=\"Sanfte Mobilit\u00e4t - Bellerive Hotel\" \/>\n<meta property=\"og:description\" content=\"Unser Hotel stellt Ihnen 4 Stadtr\u00e4der kostenlos f\u00fcr Ihre Fahrten oder Ausfl\u00fcge zur Verf\u00fcgung.\" \/>\n<meta property=\"og:url\" content=\"https:\/\/www.hotelbellerive.ch\/de\/dienstleistungen\/sanfte-mobilitaet\/\" \/>\n<meta property=\"og:site_name\" content=\"Bellerive Hotel\" \/>\n<meta property=\"article:modified_time\" content=\"2020-04-16T13:03:49+00:00\" \/>\n<meta property=\"og:image\" content=\"https:\/\/www.hotelbellerive.ch\/wp-content\/uploads\/sites\/92\/2019\/12\/Foto-Nr-1-Lh\u00f4tel-fa\u00e7ade-sud_gal.jpg\" \/>\n\t<meta property=\"og:image:width\" content=\"1052\" \/>\n\t<meta property=\"og:image:height\" content=\"701\" \/>\n\t<meta property=\"og:image:type\" content=\"image\/jpeg\" \/>\n<meta name=\"twitter:card\" content=\"summary_large_image\" \/>\n<script type=\"application\/ld+json\" class=\"yoast-schema-graph\">{\"@context\":\"https:\/\/schema.org\",\"@graph\":[{\"@type\":\"WebPage\",\"@id\":\"https:\/\/www.hotelbellerive.ch\/de\/dienstleistungen\/sanfte-mobilitaet\/\",\"url\":\"https:\/\/www.hotelbellerive.ch\/de\/dienstleistungen\/sanfte-mobilitaet\/\",\"name\":\"Sanfte Mobilit\u00e4t - Bellerive Hotel\",\"isPartOf\":{\"@id\":\"https:\/\/www.hotelbellerive.ch\/de\/#website\"},\"primaryImageOfPage\":{\"@id\":\"https:\/\/www.hotelbellerive.ch\/de\/dienstleistungen\/sanfte-mobilitaet\/#primaryimage\"},\"image\":{\"@id\":\"https:\/\/www.hotelbellerive.ch\/de\/dienstleistungen\/sanfte-mobilitaet\/#primaryimage\"},\"thumbnailUrl\":\"https:\/\/www.hotelbellerive.ch\/wp-content\/uploads\/sites\/92\/2019\/12\/Foto-Nr-1-Lh\u00f4tel-fa\u00e7ade-sud_gal.jpg\",\"datePublished\":\"2019-10-21T10:13:10+00:00\",\"dateModified\":\"2020-04-16T13:03:49+00:00\",\"breadcrumb\":{\"@id\":\"https:\/\/www.hotelbellerive.ch\/de\/dienstleistungen\/sanfte-mobilitaet\/#breadcrumb\"},\"inLanguage\":\"de-DE\",\"potentialAction\":[{\"@type\":\"ReadAction\",\"target\":[\"https:\/\/www.hotelbellerive.ch\/de\/dienstleistungen\/sanfte-mobilitaet\/\"]}]},{\"@type\":\"ImageObject\",\"inLanguage\":\"de-DE\",\"@id\":\"https:\/\/www.hotelbellerive.ch\/de\/dienstleistungen\/sanfte-mobilitaet\/#primaryimage\",\"url\":\"https:\/\/www.hotelbellerive.ch\/wp-content\/uploads\/sites\/92\/2019\/12\/Foto-Nr-1-Lh\u00f4tel-fa\u00e7ade-sud_gal.jpg\",\"contentUrl\":\"https:\/\/www.hotelbellerive.ch\/wp-content\/uploads\/sites\/92\/2019\/12\/Foto-Nr-1-Lh\u00f4tel-fa\u00e7ade-sud_gal.jpg\",\"width\":1052,\"height\":701},{\"@type\":\"BreadcrumbList\",\"@id\":\"https:\/\/www.hotelbellerive.ch\/de\/dienstleistungen\/sanfte-mobilitaet\/#breadcrumb\",\"itemListElement\":[{\"@type\":\"ListItem\",\"position\":1,\"name\":\"Accueil\",\"item\":\"https:\/\/www.hotelbellerive.ch\/de\/\"},{\"@type\":\"ListItem\",\"position\":2,\"name\":\"Dienstleistungen\",\"item\":\"https:\/\/www.hotelbellerive.ch\/de\/dienstleistungen\/\"},{\"@type\":\"ListItem\",\"position\":3,\"name\":\"Sanfte Mobilit\u00e4t\"}]},{\"@type\":\"WebSite\",\"@id\":\"https:\/\/www.hotelbellerive.ch\/de\/#website\",\"url\":\"https:\/\/www.hotelbellerive.ch\/de\/\",\"name\":\"Bellerive Hotel\",\"description\":\"Un site utilisant ms.decms.eu\",\"potentialAction\":[{\"@type\":\"SearchAction\",\"target\":{\"@type\":\"EntryPoint\",\"urlTemplate\":\"https:\/\/www.hotelbellerive.ch\/de\/?s={search_term_string}\"},\"query-input\":{\"@type\":\"PropertyValueSpecification\",\"valueRequired\":true,\"valueName\":\"search_term_string\"}}],\"inLanguage\":\"de-DE\"}]}<\/script>\n<!-- \/ Yoast SEO plugin. -->","yoast_head_json":{"title":"Sanfte Mobilit\u00e4t - Bellerive Hotel","robots":{"index":"index","follow":"follow","max-snippet":"max-snippet:-1","max-image-preview":"max-image-preview:large","max-video-preview":"max-video-preview:-1"},"canonical":"https:\/\/www.hotelbellerive.ch\/de\/dienstleistungen\/sanfte-mobilitaet\/","og_locale":"de_DE","og_type":"article","og_title":"Sanfte Mobilit\u00e4t - Bellerive Hotel","og_description":"Unser Hotel stellt Ihnen 4 Stadtr\u00e4der kostenlos f\u00fcr Ihre Fahrten oder Ausfl\u00fcge zur Verf\u00fcgung.","og_url":"https:\/\/www.hotelbellerive.ch\/de\/dienstleistungen\/sanfte-mobilitaet\/","og_site_name":"Bellerive Hotel","article_modified_time":"2020-04-16T13:03:49+00:00","og_image":[{"width":1052,"height":701,"url":"https:\/\/www.hotelbellerive.ch\/wp-content\/uploads\/sites\/92\/2019\/12\/Foto-Nr-1-Lh\u00f4tel-fa\u00e7ade-sud_gal.jpg","type":"image\/jpeg"}],"twitter_card":"summary_large_image","schema":{"@context":"https:\/\/schema.org","@graph":[{"@type":"WebPage","@id":"https:\/\/www.hotelbellerive.ch\/de\/dienstleistungen\/sanfte-mobilitaet\/","url":"https:\/\/www.hotelbellerive.ch\/de\/dienstleistungen\/sanfte-mobilitaet\/","name":"Sanfte Mobilit\u00e4t - Bellerive Hotel","isPartOf":{"@id":"https:\/\/www.hotelbellerive.ch\/de\/#website"},"primaryImageOfPage":{"@id":"https:\/\/www.hotelbellerive.ch\/de\/dienstleistungen\/sanfte-mobilitaet\/#primaryimage"},"image":{"@id":"https:\/\/www.hotelbellerive.ch\/de\/dienstleistungen\/sanfte-mobilitaet\/#primaryimage"},"thumbnailUrl":"https:\/\/www.hotelbellerive.ch\/wp-content\/uploads\/sites\/92\/2019\/12\/Foto-Nr-1-Lh\u00f4tel-fa\u00e7ade-sud_gal.jpg","datePublished":"2019-10-21T10:13:10+00:00","dateModified":"2020-04-16T13:03:49+00:00","breadcrumb":{"@id":"https:\/\/www.hotelbellerive.ch\/de\/dienstleistungen\/sanfte-mobilitaet\/#breadcrumb"},"inLanguage":"de-DE","potentialAction":[{"@type":"ReadAction","target":["https:\/\/www.hotelbellerive.ch\/de\/dienstleistungen\/sanfte-mobilitaet\/"]}]},{"@type":"ImageObject","inLanguage":"de-DE","@id":"https:\/\/www.hotelbellerive.ch\/de\/dienstleistungen\/sanfte-mobilitaet\/#primaryimage","url":"https:\/\/www.hotelbellerive.ch\/wp-content\/uploads\/sites\/92\/2019\/12\/Foto-Nr-1-Lh\u00f4tel-fa\u00e7ade-sud_gal.jpg","contentUrl":"https:\/\/www.hotelbellerive.ch\/wp-content\/uploads\/sites\/92\/2019\/12\/Foto-Nr-1-Lh\u00f4tel-fa\u00e7ade-sud_gal.jpg","width":1052,"height":701},{"@type":"BreadcrumbList","@id":"https:\/\/www.hotelbellerive.ch\/de\/dienstleistungen\/sanfte-mobilitaet\/#breadcrumb","itemListElement":[{"@type":"ListItem","position":1,"name":"Accueil","item":"https:\/\/www.hotelbellerive.ch\/de\/"},{"@type":"ListItem","position":2,"name":"Dienstleistungen","item":"https:\/\/www.hotelbellerive.ch\/de\/dienstleistungen\/"},{"@type":"ListItem","position":3,"name":"Sanfte Mobilit\u00e4t"}]},{"@type":"WebSite","@id":"https:\/\/www.hotelbellerive.ch\/de\/#website","url":"https:\/\/www.hotelbellerive.ch\/de\/","name":"Bellerive Hotel","description":"Un site utilisant ms.decms.eu","potentialAction":[{"@type":"SearchAction","target":{"@type":"EntryPoint","urlTemplate":"https:\/\/www.hotelbellerive.ch\/de\/?s={search_term_string}"},"query-input":{"@type":"PropertyValueSpecification","valueRequired":true,"valueName":"search_term_string"}}],"inLanguage":"de-DE"}]}},"acf":[],"_links":{"self":[{"href":"https:\/\/www.hotelbellerive.ch\/de\/wp-json\/wp\/v2\/pages\/260","targetHints":{"allow":["GET"]}}],"collection":[{"href":"https:\/\/www.hotelbellerive.ch\/de\/wp-json\/wp\/v2\/pages"}],"about":[{"href":"https:\/\/www.hotelbellerive.ch\/de\/wp-json\/wp\/v2\/types\/page"}],"author":[{"embeddable":true,"href":"https:\/\/www.hotelbellerive.ch\/de\/wp-json\/wp\/v2\/users\/5"}],"replies":[{"embeddable":true,"href":"https:\/\/www.hotelbellerive.ch\/de\/wp-json\/wp\/v2\/comments?post=260"}],"version-history":[{"count":0,"href":"https:\/\/www.hotelbellerive.ch\/de\/wp-json\/wp\/v2\/pages\/260\/revisions"}],"up":[{"embeddable":true,"href":"https:\/\/www.hotelbellerive.ch\/de\/wp-json\/wp\/v2\/pages\/258"}],"wp:featuredmedia":[{"embeddable":true,"href":"https:\/\/www.hotelbellerive.ch\/de\/wp-json\/wp\/v2\/media\/122"}],"wp:attachment":[{"href":"https:\/\/www.hotelbellerive.ch\/de\/wp-json\/wp\/v2\/media?parent=260"}],"curies":[{"name":"wp","href":"https:\/\/api.w.org\/{rel}","templated":true}]}}